{"id":235,"date":"2025-08-21T22:15:59","date_gmt":"2025-08-21T20:15:59","guid":{"rendered":"https:\/\/olimpia-b-and-b.it\/?page_id=235"},"modified":"2025-08-21T22:30:32","modified_gmt":"2025-08-21T20:30:32","slug":"informativa-sulluso-dei-cookie","status":"publish","type":"page","link":"https:\/\/www.olimpia-b-and-b.it\/en\/informativa-sulluso-dei-cookie\/","title":{"rendered":"INFORMATIVA SULL\u2019USO DEI COOKIE"},"content":{"rendered":"<p class=\"wp-block-paragraph\"><\/p>\n\n\n\n<p class=\"wp-block-paragraph\">Il sito web olimpia-b-and-b.it&nbsp;utilizza cookie e tecnologie simili per garantire il corretto funzionamento delle procedure e migliorare l\u2019esperienza di uso delle applicazioni online. Il presente documento fornisce informazioni dettagliate sull\u2019uso dei cookie e di tecnologie similari, su come sono utilizzati&nbsp;e su come gestirli.<\/p>\n\n\n\n<h4 class=\"wp-block-heading\"><a><\/a>Definizioni<\/h4>\n\n\n\n<p class=\"wp-block-paragraph\">I cookie sono brevi frammenti di testo (lettere e\/o numeri) che permettono al server web di memorizzare sul client (il <em>browser<\/em>) informazioni da riutilizzare nel corso della medesima visita al sito (cookie di sessione) o in seguito, anche a distanza di giorni (cookie persistenti). I cookie vengono memorizzati, in base alle preferenze dell\u2019utente, dal singolo <em>browser<\/em> sullo specifico dispositivo utilizzato (computer, tablet, smartphone).<\/p>\n\n\n\n<p class=\"wp-block-paragraph\">Tecnologie similari, come, ad esempio, web beacon, GIF trasparenti e tutte le forme di <em>storage <\/em>locale introdotte con HTML5, sono utilizzabili per raccogliere informazioni sul comportamento dell\u2019utente e sull\u2019utilizzo dei servizi.<\/p>\n\n\n\n<p class=\"wp-block-paragraph\">Nel seguito di questo documento faremo riferimento ai cookie e a tutte le tecnologie similari utilizzando semplicemente il termine \u201ccookie\u201d.<\/p>\n\n\n\n<h4 class=\"wp-block-heading\"><a><\/a>Tipologie di cookie<\/h4>\n\n\n\n<p class=\"wp-block-paragraph\">In base alle caratteristiche e all\u2019utilizzo dei cookie possiamo distinguere diverse categorie:<\/p>\n\n\n\n<ul class=\"wp-block-list\">\n<li><strong>Cookie strettamente necessari<\/strong>. Si tratta di cookie indispensabili per il corretto funzionamento del sito&nbsp;e sono utilizzati per gestire il login e l\u2019accesso alle funzioni riservate del sito. Alcuni&nbsp;cookie hanno una durata&nbsp;limitata alla sessione di lavoro (chiuso il <em>browser<\/em> vengono cancellati), altri&nbsp;una&nbsp;durata pi\u00f9 lunga (con scadenza 30 giorni) volti a riconoscere, per tale limitato periodo, il computer del visitatore \u2013 attraverso un codice alfa-numerico generato alla prima sessione di accesso \u2013 in modo da riproporgli le scelte&nbsp;effettuate&nbsp;dall\u2019utente. La loro disattivazione compromette l\u2019utilizzo dei servizi accessibili da <em>login<\/em>. La parte pubblica del sito&nbsp;resta normalmente utilizzabile.<\/li>\n\n\n\n<li><strong>Cookie di analisi e prestazioni<\/strong>. Sono cookie utilizzati per raccogliere e analizzare il traffico e l\u2019utilizzo del sito in modo anonimo. Questi cookie, pur senza identificare l\u2019utente, consentono, per esempio, di rilevare se il medesimo utente torna a collegarsi in momenti diversi. Permettono inoltre di monitorare il sistema e migliorarne le prestazioni e l\u2019usabilit\u00e0. La disattivazione di tali cookie pu\u00f2 essere eseguita senza alcuna perdita di funzionalit\u00e0.<\/li>\n\n\n\n<li><strong>Cookie di profilazione<\/strong>. Si tratta di cookie permanenti utilizzati per identificare (in modo anonimo e non) le preferenze dell\u2019utente e migliorare la sua esperienza di navigazione. <strong>Il nostro sito non utilizza cookie di questo tipo.<\/strong><\/li>\n<\/ul>\n\n\n\n<h4 class=\"wp-block-heading\"><a><\/a>Cookie di terze parti<\/h4>\n\n\n\n<p class=\"wp-block-paragraph\">Visitando un sito web si possono ricevere cookie sia dal sito visitato (\u201cproprietari\u201d), sia da siti gestiti da altre organizzazioni (\u201cterze parti\u201d). Un esempio notevole \u00e8 rappresentato dalla presenza dei \u201csocial plugin\u201d per Facebook, Instagram, Google e Whatsapp. Si tratta di parti della pagina visitata generate direttamente dai suddetti siti ed integrati nella pagina del sito ospitante. L\u2019utilizzo pi\u00f9 comune dei <em>social plugin<\/em> \u00e8 finalizzato alla condivisione dei contenuti sui social network.<\/p>\n\n\n\n<p class=\"wp-block-paragraph\">La presenza di questi <em>plugin<\/em> comporta la trasmissione di cookie da e verso tutti i siti gestiti da terze parti. La gestione delle informazioni raccolte da \u201cterze parti\u201d \u00e8&nbsp; disciplinata dalle relative informative cui si prega di fare riferimento. Per garantire una maggiore trasparenza e comodit\u00e0, si riportano qui di seguito&nbsp; gli indirizzi web delle diverse informative e delle modalit\u00e0 per la gestione dei cookie.<\/p>\n\n\n\n<p class=\"wp-block-paragraph\">Facebook informativa: <a href=\"https:\/\/www.facebook.com\/help\/cookies\/\">https:\/\/www.facebook.com\/help\/cookies\/<\/a><\/p>\n\n\n\n<p class=\"wp-block-paragraph\">Facebook (configurazione): accedere al proprio account. Sezione privacy.<\/p>\n\n\n\n<p class=\"wp-block-paragraph\">Google: <a href=\"http:\/\/www.google.it\/intl\/it\/policies\/technologies\/cookies\/\">http:\/\/www.google.it\/intl\/it\/policies\/technologies\/cookies\/<\/a><\/p>\n\n\n\n<p class=\"wp-block-paragraph\">Google: <a href=\"http:\/\/www.google.it\/intl\/it\/policies\/technologies\/managing\/\">http:\/\/www.google.it\/intl\/it\/policies\/technologies\/managing\/<\/a><\/p>\n\n\n\n<h4 class=\"wp-block-heading\"><a><\/a>Google Analytics<\/h4>\n\n\n\n<p class=\"wp-block-paragraph\">Il sito olimpia-b-and-b.it include anche talune componenti trasmesse da Google Analytics, un servizio di analisi del traffico web fornito da Google Ireland Limited (\u201cGoogle\u201d). Anche in questo caso si tratta di cookie di terze parti raccolti e gestiti in modo anonimo per monitorare e migliorare le prestazioni del sito ospite (performance cookie).<\/p>\n\n\n\n<p class=\"wp-block-paragraph\">I servizi contenuti nella presente sezione permettono al Titolare del Trattamento di monitorare e analizzare i dati di traffico e servono a tener traccia del comportamento dell\u2019Utente.<br>Google Analytics con IP anonimizzato (Google Ireland Limited)<\/p>\n\n\n\n<p class=\"wp-block-paragraph\">Google Analytics \u00e8 un servizio di analisi web fornito da Google Ireland Limited (\u201cGoogle\u201d). Google utilizza i Dati Personali raccolti allo scopo di tracciare ed esaminare l\u2019utilizzo di questa Applicazione, compilare report e condividerli con gli altri servizi sviluppati da Google.<br>Google potrebbe utilizzare i Dati Personali per contestualizzare e personalizzare gli annunci del proprio network pubblicitario.<br>Questa integrazione di Google Analytics rende anonimo il tuo indirizzo IP. L\u2019anonimizzazione funziona abbreviando entro i confini degli stati membri dell\u2019Unione Europea o in altri Paesi aderenti all\u2019accordo sullo Spazio Economico Europeo l\u2019indirizzo IP degli Utenti. Solo in casi eccezionali, l\u2019indirizzo IP sar\u00e0 inviato ai server di Google ed abbreviato all\u2019interno degli Stati Uniti.<\/p>\n\n\n\n<p class=\"wp-block-paragraph\">Dati Personali raccolti: Cookie; Dati di utilizzo.<\/p>\n\n\n\n<p class=\"wp-block-paragraph\">Luogo del trattamento: Irlanda \u2013 Privacy Policy \u2013 Opt Out. Soggetto aderente al Privacy Shield.<\/p>\n\n\n\n<p class=\"wp-block-paragraph\">Per ulteriori informazioni, si rinvia al link di seguito indicato:<\/p>\n\n\n\n<p class=\"wp-block-paragraph\"><a href=\"https:\/\/www.google.it\/policies\/privacy\/partners\">https:\/\/www.google.it\/policies\/privacy\/partners<\/a><\/p>\n\n\n\n<p class=\"wp-block-paragraph\">L\u2019utente pu\u00f2 disabilitare in modo selettivo l\u2019azione di Google Analytics installando sul proprio <em>browser<\/em> la componente di <em>opt-out<\/em> fornito da Google. Per disabilitare l\u2019azione di Google Analytics, si rinvia al link di seguito indicato:<\/p>\n\n\n\n<p class=\"wp-block-paragraph\"><a href=\"https:\/\/tools.google.com\/dlpage\/gaoptout\">https:\/\/tools.google.com\/dlpage\/gaoptout<\/a><\/p>\n\n\n\n<h4 class=\"wp-block-heading\"><a><\/a>Durata dei cookie<\/h4>\n\n\n\n<p class=\"wp-block-paragraph\">Alcuni cookie (cookie di sessione) restano attivi solo fino alla chiusura del <em>browser<\/em> o all\u2019esecuzione del comando di <em>logout<\/em>. Altri cookie \u201csopravvivono\u201d alla chiusura del <em>browser<\/em> e sono disponibili anche in successive visite dell\u2019utente.<\/p>\n\n\n\n<p class=\"wp-block-paragraph\">Questi cookie sono detti persistenti e la loro durata \u00e8 fissata dal server al momento della loro creazione. In alcuni casi \u00e8 fissata una scadenza, in altri casi la durata \u00e8 illimitata.<\/p>\n\n\n\n<p class=\"wp-block-paragraph\">Olimpia-b-and-b.it&nbsp;<strong>fa uso di cookie persistenti <\/strong>e navigando sulle pagine del sito web, si pu\u00f2 interagire con siti gestiti da terze parti che possono creare o modificare cookie permanenti e di profilazione.<\/p>\n\n\n\n<h4 class=\"wp-block-heading\"><a><\/a>Gestione dei cookie<\/h4>\n\n\n\n<p class=\"wp-block-paragraph\">L\u2019utente pu\u00f2 decidere se accettare o meno i cookie utilizzando le impostazioni del proprio <em>browser<\/em>.<\/p>\n\n\n\n<p class=\"wp-block-paragraph\"><strong>Attenzione<\/strong>: la disabilitazione totale o parziale dei cookie tecnici pu\u00f2 compromettere l\u2019utilizzo delle funzionalit\u00e0 del sito, la disabilitazione dei cookie \u201cterze parti\u201d non pregiudica in alcun modo la navigabilit\u00e0.<\/p>\n\n\n\n<p class=\"wp-block-paragraph\">L\u2019impostazione pu\u00f2 essere definita in modo specifico per i diversi siti e applicazioni web. Inoltre i migliori <em>browser<\/em> consentono di definire impostazioni diverse per i cookie \u201cproprietari\u201d e per quelli di \u201cterze parti\u201d.<\/p>\n\n\n\n<p class=\"wp-block-paragraph\">A titolo di esempio, in Firefox, attraverso il menu <em>Strumenti-&gt;Opzioni -&gt;Privacy<\/em>, \u00e8 possibile accedere ad un pannello di controllo dove \u00e8 possibile definire se accettare o meno i diversi tipi di cookie e procedere alla loro rimozione.<\/p>\n\n\n\n<p class=\"wp-block-paragraph\">Chrome: <a href=\"https:\/\/support.google.com\/chrome\/answer\/95647?hl=it\">https:\/\/support.google.com\/chrome\/answer\/95647?hl=it<\/a><\/p>\n\n\n\n<p class=\"wp-block-paragraph\">Firefox: <a href=\"https:\/\/support.mozilla.org\/it\/kb\/Gestione%20dei%20cookie\">https:\/\/support.mozilla.org\/it\/kb\/Gestione%20dei%20cookie<\/a><\/p>\n\n\n\n<p class=\"wp-block-paragraph\">Internet Explorer: <a href=\"http:\/\/windows.microsoft.com\/it-it\/windows7\/how-to-manage-cookies-in-internet-explorer-9\">http:\/\/windows.microsoft.com\/it-it\/windows7\/how-to-manage-cookies-in-internet-explorer-9<\/a><\/p>\n\n\n\n<p class=\"wp-block-paragraph\">Opera: <a href=\"http:\/\/help.opera.com\/Windows\/10.00\/it\/cookies.html\">http:\/\/help.opera.com\/Windows\/10.00\/it\/cookies.html<\/a><\/p>\n\n\n\n<p class=\"wp-block-paragraph\">Safari: <a href=\"http:\/\/support.apple.com\/kb\/HT1677?viewlocale=it_IT\">http:\/\/support.apple.com\/kb\/HT1677?viewlocale=it_IT<\/a><\/p>\n\n\n\n<h4 class=\"wp-block-heading\"><a><\/a>Aggiornamento dell\u2019informativa<\/h4>\n\n\n\n<p class=\"wp-block-paragraph\">Olimpia-b-and-b.it manterr\u00e0 la presente informativa costantemente aggiornata. <br>La sezione \u201cULTIMO AGGIORNAMENTO\u201d in calce alla pagina indica la data in cui l\u2019informativa \u00e8 stata aggiornata. Sar\u00e0 nostra cura, inoltre, pubblicare sul sito web&nbsp;l\u2019informativa aggiornata.<br><br>ULTIMO AGGIORNAMENTO: 19\/07\/2019<\/p>","protected":false},"excerpt":{"rendered":"<p>Il sito web olimpia-b-and-b.it&nbsp;utilizza cookie e tecnologie simili per garantire il corretto funzionamento delle procedure e migliorare l\u2019esperienza di uso&hellip;<\/p>","protected":false},"author":2,"featured_media":0,"parent":0,"menu_order":0,"comment_status":"closed","ping_status":"closed","template":"","meta":{"_crdt_document":"","_joinchat":[],"footnotes":""},"class_list":["post-235","page","type-page","status-publish","hentry"],"yoast_head":"<!-- This site is optimized with the Yoast SEO plugin v27.3 - https:\/\/yoast.com\/product\/yoast-seo-wordpress\/ -->\n<title>INFORMATIVA SULL\u2019USO DEI COOKIE - Olimpia Bed and Breakfast<\/title>\n<meta name=\"robots\" content=\"index, follow, max-snippet:-1, max-image-preview:large, max-video-preview:-1\" \/>\n<link rel=\"canonical\" href=\"https:\/\/www.olimpia-b-and-b.it\/en\/informativa-sulluso-dei-cookie\/\" \/>\n<meta property=\"og:locale\" content=\"en_GB\" \/>\n<meta property=\"og:type\" content=\"article\" \/>\n<meta property=\"og:title\" content=\"INFORMATIVA SULL\u2019USO DEI COOKIE - Olimpia Bed and Breakfast\" \/>\n<meta property=\"og:description\" content=\"Il sito web olimpia-b-and-b.it&nbsp;utilizza cookie e tecnologie simili per garantire il corretto funzionamento delle procedure e migliorare l\u2019esperienza di uso&hellip;\" \/>\n<meta property=\"og:url\" content=\"https:\/\/www.olimpia-b-and-b.it\/en\/informativa-sulluso-dei-cookie\/\" \/>\n<meta property=\"og:site_name\" content=\"Olimpia Bed and Breakfast\" \/>\n<meta property=\"article:publisher\" content=\"https:\/\/www.facebook.com\/antonella.faggion\" \/>\n<meta property=\"article:modified_time\" content=\"2025-08-21T20:30:32+00:00\" \/>\n<meta property=\"og:image\" content=\"https:\/\/www.olimpia-b-and-b.it\/wp-content\/uploads\/2025\/08\/cropped-logo-olimpia.png\" \/>\n\t<meta property=\"og:image:width\" content=\"512\" \/>\n\t<meta property=\"og:image:height\" content=\"512\" \/>\n\t<meta property=\"og:image:type\" content=\"image\/png\" \/>\n<meta name=\"twitter:card\" content=\"summary_large_image\" \/>\n<meta name=\"twitter:label1\" content=\"Estimated reading time\" \/>\n\t<meta name=\"twitter:data1\" content=\"6 minutes\" \/>\n<script type=\"application\/ld+json\" class=\"yoast-schema-graph\">{\"@context\":\"https:\\\/\\\/schema.org\",\"@graph\":[{\"@type\":\"WebPage\",\"@id\":\"https:\\\/\\\/www.olimpia-b-and-b.it\\\/informativa-sulluso-dei-cookie\\\/\",\"url\":\"https:\\\/\\\/www.olimpia-b-and-b.it\\\/informativa-sulluso-dei-cookie\\\/\",\"name\":\"INFORMATIVA SULL\u2019USO DEI COOKIE - Olimpia Bed and Breakfast\",\"isPartOf\":{\"@id\":\"https:\\\/\\\/www.olimpia-b-and-b.it\\\/#website\"},\"datePublished\":\"2025-08-21T20:15:59+00:00\",\"dateModified\":\"2025-08-21T20:30:32+00:00\",\"breadcrumb\":{\"@id\":\"https:\\\/\\\/www.olimpia-b-and-b.it\\\/informativa-sulluso-dei-cookie\\\/#breadcrumb\"},\"inLanguage\":\"en-GB\",\"potentialAction\":[{\"@type\":\"ReadAction\",\"target\":[\"https:\\\/\\\/www.olimpia-b-and-b.it\\\/informativa-sulluso-dei-cookie\\\/\"]}]},{\"@type\":\"BreadcrumbList\",\"@id\":\"https:\\\/\\\/www.olimpia-b-and-b.it\\\/informativa-sulluso-dei-cookie\\\/#breadcrumb\",\"itemListElement\":[{\"@type\":\"ListItem\",\"position\":1,\"name\":\"Home\",\"item\":\"http:\\\/\\\/35.237.208.104\\\/\"},{\"@type\":\"ListItem\",\"position\":2,\"name\":\"INFORMATIVA SULL\u2019USO DEI COOKIE\"}]},{\"@type\":\"WebSite\",\"@id\":\"https:\\\/\\\/www.olimpia-b-and-b.it\\\/#website\",\"url\":\"https:\\\/\\\/www.olimpia-b-and-b.it\\\/\",\"name\":\"Olimpia Bed and Breakfast\",\"description\":\"Olimpia Bed and Breakfast\",\"publisher\":{\"@id\":\"https:\\\/\\\/www.olimpia-b-and-b.it\\\/#organization\"},\"alternateName\":\"Olimpia Bed and Breakfast\",\"potentialAction\":[{\"@type\":\"SearchAction\",\"target\":{\"@type\":\"EntryPoint\",\"urlTemplate\":\"https:\\\/\\\/www.olimpia-b-and-b.it\\\/?s={search_term_string}\"},\"query-input\":{\"@type\":\"PropertyValueSpecification\",\"valueRequired\":true,\"valueName\":\"search_term_string\"}}],\"inLanguage\":\"en-GB\"},{\"@type\":\"Organization\",\"@id\":\"https:\\\/\\\/www.olimpia-b-and-b.it\\\/#organization\",\"name\":\"Olimpia Bed and Breakfast\",\"alternateName\":\"Olimpia Bed and Breakfast\",\"url\":\"https:\\\/\\\/www.olimpia-b-and-b.it\\\/\",\"logo\":{\"@type\":\"ImageObject\",\"inLanguage\":\"en-GB\",\"@id\":\"https:\\\/\\\/www.olimpia-b-and-b.it\\\/#\\\/schema\\\/logo\\\/image\\\/\",\"url\":\"https:\\\/\\\/www.olimpia-b-and-b.it\\\/wp-content\\\/uploads\\\/2025\\\/08\\\/cropped-logo-olimpia.png\",\"contentUrl\":\"https:\\\/\\\/www.olimpia-b-and-b.it\\\/wp-content\\\/uploads\\\/2025\\\/08\\\/cropped-logo-olimpia.png\",\"width\":512,\"height\":512,\"caption\":\"Olimpia Bed and Breakfast\"},\"image\":{\"@id\":\"https:\\\/\\\/www.olimpia-b-and-b.it\\\/#\\\/schema\\\/logo\\\/image\\\/\"},\"sameAs\":[\"https:\\\/\\\/www.facebook.com\\\/antonella.faggion\",\"https:\\\/\\\/www.instagram.com\\\/bed.and.breakfast.olimpia\",\"https:\\\/\\\/wa.me\\\/c\\\/393397355000\"]}]}<\/script>\n<!-- \/ Yoast SEO plugin. -->","yoast_head_json":{"title":"INFORMATIVA SULL\u2019USO DEI COOKIE - Olimpia Bed and Breakfast","robots":{"index":"index","follow":"follow","max-snippet":"max-snippet:-1","max-image-preview":"max-image-preview:large","max-video-preview":"max-video-preview:-1"},"canonical":"https:\/\/www.olimpia-b-and-b.it\/en\/informativa-sulluso-dei-cookie\/","og_locale":"en_GB","og_type":"article","og_title":"INFORMATIVA SULL\u2019USO DEI COOKIE - Olimpia Bed and Breakfast","og_description":"Il sito web olimpia-b-and-b.it&nbsp;utilizza cookie e tecnologie simili per garantire il corretto funzionamento delle procedure e migliorare l\u2019esperienza di uso&hellip;","og_url":"https:\/\/www.olimpia-b-and-b.it\/en\/informativa-sulluso-dei-cookie\/","og_site_name":"Olimpia Bed and Breakfast","article_publisher":"https:\/\/www.facebook.com\/antonella.faggion","article_modified_time":"2025-08-21T20:30:32+00:00","og_image":[{"width":512,"height":512,"url":"https:\/\/www.olimpia-b-and-b.it\/wp-content\/uploads\/2025\/08\/cropped-logo-olimpia.png","type":"image\/png"}],"twitter_card":"summary_large_image","twitter_misc":{"Estimated reading time":"6 minutes"},"schema":{"@context":"https:\/\/schema.org","@graph":[{"@type":"WebPage","@id":"https:\/\/www.olimpia-b-and-b.it\/informativa-sulluso-dei-cookie\/","url":"https:\/\/www.olimpia-b-and-b.it\/informativa-sulluso-dei-cookie\/","name":"INFORMATIVA SULL\u2019USO DEI COOKIE - Olimpia Bed and Breakfast","isPartOf":{"@id":"https:\/\/www.olimpia-b-and-b.it\/#website"},"datePublished":"2025-08-21T20:15:59+00:00","dateModified":"2025-08-21T20:30:32+00:00","breadcrumb":{"@id":"https:\/\/www.olimpia-b-and-b.it\/informativa-sulluso-dei-cookie\/#breadcrumb"},"inLanguage":"en-GB","potentialAction":[{"@type":"ReadAction","target":["https:\/\/www.olimpia-b-and-b.it\/informativa-sulluso-dei-cookie\/"]}]},{"@type":"BreadcrumbList","@id":"https:\/\/www.olimpia-b-and-b.it\/informativa-sulluso-dei-cookie\/#breadcrumb","itemListElement":[{"@type":"ListItem","position":1,"name":"Home","item":"http:\/\/35.237.208.104\/"},{"@type":"ListItem","position":2,"name":"INFORMATIVA SULL\u2019USO DEI COOKIE"}]},{"@type":"WebSite","@id":"https:\/\/www.olimpia-b-and-b.it\/#website","url":"https:\/\/www.olimpia-b-and-b.it\/","name":"Olimpia Bed and Breakfast","description":"Olimpia Bed and Breakfast","publisher":{"@id":"https:\/\/www.olimpia-b-and-b.it\/#organization"},"alternateName":"Olimpia Bed and Breakfast","potentialAction":[{"@type":"SearchAction","target":{"@type":"EntryPoint","urlTemplate":"https:\/\/www.olimpia-b-and-b.it\/?s={search_term_string}"},"query-input":{"@type":"PropertyValueSpecification","valueRequired":true,"valueName":"search_term_string"}}],"inLanguage":"en-GB"},{"@type":"Organization","@id":"https:\/\/www.olimpia-b-and-b.it\/#organization","name":"Olimpia Bed and Breakfast","alternateName":"Olimpia Bed and Breakfast","url":"https:\/\/www.olimpia-b-and-b.it\/","logo":{"@type":"ImageObject","inLanguage":"en-GB","@id":"https:\/\/www.olimpia-b-and-b.it\/#\/schema\/logo\/image\/","url":"https:\/\/www.olimpia-b-and-b.it\/wp-content\/uploads\/2025\/08\/cropped-logo-olimpia.png","contentUrl":"https:\/\/www.olimpia-b-and-b.it\/wp-content\/uploads\/2025\/08\/cropped-logo-olimpia.png","width":512,"height":512,"caption":"Olimpia Bed and Breakfast"},"image":{"@id":"https:\/\/www.olimpia-b-and-b.it\/#\/schema\/logo\/image\/"},"sameAs":["https:\/\/www.facebook.com\/antonella.faggion","https:\/\/www.instagram.com\/bed.and.breakfast.olimpia","https:\/\/wa.me\/c\/393397355000"]}]}},"_links":{"self":[{"href":"https:\/\/www.olimpia-b-and-b.it\/en\/wp-json\/wp\/v2\/pages\/235","targetHints":{"allow":["GET"]}}],"collection":[{"href":"https:\/\/www.olimpia-b-and-b.it\/en\/wp-json\/wp\/v2\/pages"}],"about":[{"href":"https:\/\/www.olimpia-b-and-b.it\/en\/wp-json\/wp\/v2\/types\/page"}],"author":[{"embeddable":true,"href":"https:\/\/www.olimpia-b-and-b.it\/en\/wp-json\/wp\/v2\/users\/2"}],"replies":[{"embeddable":true,"href":"https:\/\/www.olimpia-b-and-b.it\/en\/wp-json\/wp\/v2\/comments?post=235"}],"version-history":[{"count":7,"href":"https:\/\/www.olimpia-b-and-b.it\/en\/wp-json\/wp\/v2\/pages\/235\/revisions"}],"predecessor-version":[{"id":245,"href":"https:\/\/www.olimpia-b-and-b.it\/en\/wp-json\/wp\/v2\/pages\/235\/revisions\/245"}],"wp:attachment":[{"href":"https:\/\/www.olimpia-b-and-b.it\/en\/wp-json\/wp\/v2\/media?parent=235"}],"curies":[{"name":"wp","href":"https:\/\/api.w.org\/{rel}","templated":true}]}}